{"id":703,"date":"2024-12-16T09:00:50","date_gmt":"2024-12-16T09:00:50","guid":{"rendered":"https:\/\/staging.tritt-alpe.at\/imprint\/"},"modified":"2024-12-18T10:11:32","modified_gmt":"2024-12-18T10:11:32","slug":"imprint","status":"publish","type":"page","link":"https:\/\/tritt-alpe.at\/en\/imprint\/","title":{"rendered":"Imprint"},"content":{"rendered":"\t\t<div data-elementor-type=\"wp-page\" data-elementor-id=\"703\" class=\"elementor elementor-703 elementor-340\" data-elementor-post-type=\"page\">\n\t\t\t\t<div class=\"elementor-element elementor-element-5cc5b382 e-ecs-flex e-flex e-con-boxed e-con e-parent\" data-id=\"5cc5b382\" data-element_type=\"container\" data-e-type=\"container\" data-settings=\"{&quot;ecs_container_type&quot;:&quot;flex&quot;}\">\n\t\t\t\t\t<div class=\"e-con-inner\">\n\t\t\t\t<div class=\"elementor-element elementor-element-48180fa elementor-widget elementor-widget-heading\" data-id=\"48180fa\" data-element_type=\"widget\" data-e-type=\"widget\" data-widget_type=\"heading.default\">\n\t\t\t\t\t<h1 class=\"elementor-heading-title elementor-size-default\">Imprint<\/h1>\t\t\t\t<\/div>\n\t\t\t\t<div class=\"elementor-element elementor-element-18428f95 elementor-widget elementor-widget-text-editor\" data-id=\"18428f95\" data-element_type=\"widget\" data-e-type=\"widget\" data-widget_type=\"text-editor.default\">\n\t\t\t\t\t\t\t\t\t<div class=\"con-kit-animation__atom\" data-atom=\"plain-text\" data-id=\"Fizik8WPdEAsCvVpbHBbv\" data-mode=\"vertical\" data-atom-horizontal=\"left\" data-atom-vertical=\"middle\">\n<div class=\"con-kit-atom-plain-text\" data-font-kit-type=\"m\">\n<div class=\"con-kit-component-text\" data-text-prop=\"text\" data-font-kit-type=\"m\">\n<div class=\"con-kit-quark con-kit-quark-paragraph\" data-quark=\"block\" data-font-kit-type=\"m\" data-block-key=\"8m1sv\">\n<div class=\"con-kit-quark con-kit-quark-paragraph\" data-quark=\"block\" data-font-kit-type=\"m\" data-block-key=\"8m1sv\"><strong>Operator of this website:<\/strong><\/div>\n<div class=\"con-kit-quark con-kit-quark-paragraph\" data-quark=\"block\" data-font-kit-type=\"m\" data-block-key=\"733ar\">&#8220;Alpine Club Arlberg&#8221; Gastronomie GmbH<\/div>\n<div class=\"con-kit-quark con-kit-quark-paragraph\" data-quark=\"block\" data-font-kit-type=\"m\" data-block-key=\"c9qpt\">FN 615469 b<\/div>\n<div class=\"con-kit-quark con-kit-quark-paragraph\" data-quark=\"block\" data-font-kit-type=\"m\" data-block-key=\"7c8gf\">\n<p style=\"font-weight: 400;\">Z\u00fcrs 206, 6763 Lech<\/p>\n<\/div>\n<div class=\"con-kit-quark con-kit-quark-paragraph\" data-quark=\"block\" data-font-kit-type=\"m\" data-block-key=\"ad59b\">UID &#8211; ATU80021058<\/div>\n<div class=\"con-kit-quark con-kit-quark-paragraph\" data-quark=\"block\" data-font-kit-type=\"m\" data-block-key=\"3n02o\">info@tritt-alpe.at<\/p>\n<\/div>\n<div class=\"con-kit-quark con-kit-quark-paragraph\" data-quark=\"block\" data-font-kit-type=\"m\" data-block-key=\"7qgev\">Managing Director: Andreas Wibmer<\/p>\n<\/div>\n<div class=\"con-kit-quark con-kit-quark-paragraph\" data-quark=\"block\" data-font-kit-type=\"m\" data-block-key=\"d8ehf\"><strong>Copyright: <\/strong><\/div>\n<div class=\"con-kit-quark con-kit-quark-paragraph\" data-quark=\"block\" data-font-kit-type=\"m\" data-block-key=\"4nbgg\">The layout and design of the website as a whole and its individual elements, such as logos, photos, graphics, etc. are protected by copyright. The same applies to the individual editorial contributions (texts) as well as their selection and compilation. No changes may be made to them. Public use of the website in electronic and\/or printed form is only permitted with the consent of the owner.   <\/p>\n<\/div>\n<div class=\"con-kit-quark con-kit-quark-paragraph\" data-quark=\"block\" data-font-kit-type=\"m\" data-block-key=\"btqc3\"><strong>Liability:<\/strong><\/div>\n<div class=\"con-kit-quark con-kit-quark-paragraph\" data-quark=\"block\" data-font-kit-type=\"m\" data-block-key=\"cav71\">The content published on www.tritt-alpe.at has been researched with the utmost care and is continuously checked and updated for completeness and accuracy. Nevertheless, we cannot guarantee the complete functionality and accuracy of the content provided. All information is provided without guarantee. Liability for damages resulting from the use of the content or services published on www.tritt-alpe.at is excluded.   <\/p>\n<\/div>\n<div class=\"con-kit-quark con-kit-quark-paragraph\" data-quark=\"block\" data-font-kit-type=\"m\" data-block-key=\"5ncod\"><strong>Links:<\/strong><\/div>\n<div class=\"con-kit-quark con-kit-quark-paragraph\" data-quark=\"block\" data-font-kit-type=\"m\" data-block-key=\"ecp6b\">We would like to expressly emphasize that we have no influence on the design and content of linked pages. We therefore expressly distance ourselves from all content and information presented on linked pages and thereby indemnify and hold ourselves harmless. <\/div>\n<\/div>\n<\/div>\n<\/div>\n<\/div>\n\t\t\t\t\t\t\t\t<\/div>\n\t\t\t\t\t<\/div>\n\t\t\t\t<\/div>\n\t\t\t\t<\/div>\n\t\t","protected":false},"excerpt":{"rendered":"<p>Imprint Operator of this website: &#8220;Alpine Club Arlberg&#8221; Gastronomie GmbH FN 615469 b Z\u00fcrs 206, 6763 Lech UID &#8211; ATU80021058 info@tritt-alpe.at Managing Director: Andreas Wibmer Copyright: The layout and design of the website as a whole and its individual elements, such as logos, photos, graphics, etc. are protected by copyright. The same applies to the [&hellip;]<\/p>\n","protected":false},"author":1,"featured_media":0,"parent":0,"menu_order":0,"comment_status":"closed","ping_status":"closed","template":"","meta":{"footnotes":""},"class_list":["post-703","page","type-page","status-publish","hentry"],"yoast_head":"<!-- This site is optimized with the Yoast SEO plugin v27.2 - https:\/\/yoast.com\/product\/yoast-seo-wordpress\/ -->\n<title>Imprint - Tritt-Alpe Z\u00fcrs am Arlberg<\/title>\n<meta name=\"description\" content=\"\u201cAlpine Club Arlberg\u201d Gastronomie GmbH, Z\u00fcrs 206, 6763 Lech. VAT Number \u2013 ATU80021058, Managing Director: Andreas Wibmer\" \/>\n<meta name=\"robots\" content=\"noindex, nofollow\" \/>\n<meta property=\"og:locale\" content=\"en_US\" \/>\n<meta property=\"og:type\" content=\"article\" \/>\n<meta property=\"og:title\" content=\"Imprint - Tritt-Alpe Z\u00fcrs am Arlberg\" \/>\n<meta property=\"og:description\" content=\"\u201cAlpine Club Arlberg\u201d Gastronomie GmbH, Z\u00fcrs 206, 6763 Lech. VAT Number \u2013 ATU80021058, Managing Director: Andreas Wibmer\" \/>\n<meta property=\"og:url\" content=\"https:\/\/tritt-alpe.at\/en\/imprint\/\" \/>\n<meta property=\"og:site_name\" content=\"Tritt-Alpe Z\u00fcrs am Arlberg\" \/>\n<meta property=\"article:publisher\" content=\"https:\/\/www.facebook.com\/trittalpezuers\/\" \/>\n<meta property=\"article:modified_time\" content=\"2024-12-18T10:11:32+00:00\" \/>\n<meta name=\"twitter:card\" content=\"summary_large_image\" \/>\n<meta name=\"twitter:label1\" content=\"Est. reading time\" \/>\n\t<meta name=\"twitter:data1\" content=\"1 minute\" \/>\n<script type=\"application\/ld+json\" class=\"yoast-schema-graph\">{\"@context\":\"https:\/\/schema.org\",\"@graph\":[{\"@type\":\"WebPage\",\"@id\":\"https:\/\/tritt-alpe.at\/en\/imprint\/\",\"url\":\"https:\/\/tritt-alpe.at\/en\/imprint\/\",\"name\":\"Imprint - Tritt-Alpe Z\u00fcrs am Arlberg\",\"isPartOf\":{\"@id\":\"https:\/\/tritt-alpe.at\/en\/#website\"},\"datePublished\":\"2024-12-16T09:00:50+00:00\",\"dateModified\":\"2024-12-18T10:11:32+00:00\",\"description\":\"\u201cAlpine Club Arlberg\u201d Gastronomie GmbH, Z\u00fcrs 206, 6763 Lech. VAT Number \u2013 ATU80021058, Managing Director: Andreas Wibmer\",\"breadcrumb\":{\"@id\":\"https:\/\/tritt-alpe.at\/en\/imprint\/#breadcrumb\"},\"inLanguage\":\"en-US\",\"potentialAction\":[{\"@type\":\"ReadAction\",\"target\":[\"https:\/\/tritt-alpe.at\/en\/imprint\/\"]}]},{\"@type\":\"BreadcrumbList\",\"@id\":\"https:\/\/tritt-alpe.at\/en\/imprint\/#breadcrumb\",\"itemListElement\":[{\"@type\":\"ListItem\",\"position\":1,\"name\":\"Home\",\"item\":\"https:\/\/tritt-alpe.at\/en\/home-2\/\"},{\"@type\":\"ListItem\",\"position\":2,\"name\":\"Imprint\"}]},{\"@type\":\"WebSite\",\"@id\":\"https:\/\/tritt-alpe.at\/en\/#website\",\"url\":\"https:\/\/tritt-alpe.at\/en\/\",\"name\":\"Tritt-Alpe Z\u00fcrs am Arlberg\",\"description\":\"Herzlich willkommen auf der Tritt-Alpe, Ihrem neuen Ziel f\u00fcr unvergessliche kulinarische Erlebnisse und gem\u00fctliche Momente in den Bergen!\",\"publisher\":{\"@id\":\"https:\/\/tritt-alpe.at\/en\/#organization\"},\"potentialAction\":[{\"@type\":\"SearchAction\",\"target\":{\"@type\":\"EntryPoint\",\"urlTemplate\":\"https:\/\/tritt-alpe.at\/en\/?s={search_term_string}\"},\"query-input\":{\"@type\":\"PropertyValueSpecification\",\"valueRequired\":true,\"valueName\":\"search_term_string\"}}],\"inLanguage\":\"en-US\"},{\"@type\":\"Organization\",\"@id\":\"https:\/\/tritt-alpe.at\/en\/#organization\",\"name\":\"Tritt-Alpe Z\u00fcrs am Arlberg\",\"url\":\"https:\/\/tritt-alpe.at\/en\/\",\"logo\":{\"@type\":\"ImageObject\",\"inLanguage\":\"en-US\",\"@id\":\"https:\/\/tritt-alpe.at\/en\/#\/schema\/logo\/image\/\",\"url\":\"https:\/\/tritt-alpe.at\/wp-content\/uploads\/2024\/12\/Tritt-Alpe_logo.png\",\"contentUrl\":\"https:\/\/tritt-alpe.at\/wp-content\/uploads\/2024\/12\/Tritt-Alpe_logo.png\",\"width\":354,\"height\":240,\"caption\":\"Tritt-Alpe Z\u00fcrs am Arlberg\"},\"image\":{\"@id\":\"https:\/\/tritt-alpe.at\/en\/#\/schema\/logo\/image\/\"},\"sameAs\":[\"https:\/\/www.facebook.com\/trittalpezuers\/\"]}]}<\/script>\n<!-- \/ Yoast SEO plugin. -->","yoast_head_json":{"title":"Imprint - Tritt-Alpe Z\u00fcrs am Arlberg","description":"\u201cAlpine Club Arlberg\u201d Gastronomie GmbH, Z\u00fcrs 206, 6763 Lech. VAT Number \u2013 ATU80021058, Managing Director: Andreas Wibmer","robots":{"index":"noindex","follow":"nofollow"},"og_locale":"en_US","og_type":"article","og_title":"Imprint - Tritt-Alpe Z\u00fcrs am Arlberg","og_description":"\u201cAlpine Club Arlberg\u201d Gastronomie GmbH, Z\u00fcrs 206, 6763 Lech. VAT Number \u2013 ATU80021058, Managing Director: Andreas Wibmer","og_url":"https:\/\/tritt-alpe.at\/en\/imprint\/","og_site_name":"Tritt-Alpe Z\u00fcrs am Arlberg","article_publisher":"https:\/\/www.facebook.com\/trittalpezuers\/","article_modified_time":"2024-12-18T10:11:32+00:00","twitter_card":"summary_large_image","twitter_misc":{"Est. reading time":"1 minute"},"schema":{"@context":"https:\/\/schema.org","@graph":[{"@type":"WebPage","@id":"https:\/\/tritt-alpe.at\/en\/imprint\/","url":"https:\/\/tritt-alpe.at\/en\/imprint\/","name":"Imprint - Tritt-Alpe Z\u00fcrs am Arlberg","isPartOf":{"@id":"https:\/\/tritt-alpe.at\/en\/#website"},"datePublished":"2024-12-16T09:00:50+00:00","dateModified":"2024-12-18T10:11:32+00:00","description":"\u201cAlpine Club Arlberg\u201d Gastronomie GmbH, Z\u00fcrs 206, 6763 Lech. VAT Number \u2013 ATU80021058, Managing Director: Andreas Wibmer","breadcrumb":{"@id":"https:\/\/tritt-alpe.at\/en\/imprint\/#breadcrumb"},"inLanguage":"en-US","potentialAction":[{"@type":"ReadAction","target":["https:\/\/tritt-alpe.at\/en\/imprint\/"]}]},{"@type":"BreadcrumbList","@id":"https:\/\/tritt-alpe.at\/en\/imprint\/#breadcrumb","itemListElement":[{"@type":"ListItem","position":1,"name":"Home","item":"https:\/\/tritt-alpe.at\/en\/home-2\/"},{"@type":"ListItem","position":2,"name":"Imprint"}]},{"@type":"WebSite","@id":"https:\/\/tritt-alpe.at\/en\/#website","url":"https:\/\/tritt-alpe.at\/en\/","name":"Tritt-Alpe Z\u00fcrs am Arlberg","description":"Herzlich willkommen auf der Tritt-Alpe, Ihrem neuen Ziel f\u00fcr unvergessliche kulinarische Erlebnisse und gem\u00fctliche Momente in den Bergen!","publisher":{"@id":"https:\/\/tritt-alpe.at\/en\/#organization"},"potentialAction":[{"@type":"SearchAction","target":{"@type":"EntryPoint","urlTemplate":"https:\/\/tritt-alpe.at\/en\/?s={search_term_string}"},"query-input":{"@type":"PropertyValueSpecification","valueRequired":true,"valueName":"search_term_string"}}],"inLanguage":"en-US"},{"@type":"Organization","@id":"https:\/\/tritt-alpe.at\/en\/#organization","name":"Tritt-Alpe Z\u00fcrs am Arlberg","url":"https:\/\/tritt-alpe.at\/en\/","logo":{"@type":"ImageObject","inLanguage":"en-US","@id":"https:\/\/tritt-alpe.at\/en\/#\/schema\/logo\/image\/","url":"https:\/\/tritt-alpe.at\/wp-content\/uploads\/2024\/12\/Tritt-Alpe_logo.png","contentUrl":"https:\/\/tritt-alpe.at\/wp-content\/uploads\/2024\/12\/Tritt-Alpe_logo.png","width":354,"height":240,"caption":"Tritt-Alpe Z\u00fcrs am Arlberg"},"image":{"@id":"https:\/\/tritt-alpe.at\/en\/#\/schema\/logo\/image\/"},"sameAs":["https:\/\/www.facebook.com\/trittalpezuers\/"]}]}},"_links":{"self":[{"href":"https:\/\/tritt-alpe.at\/en\/wp-json\/wp\/v2\/pages\/703","targetHints":{"allow":["GET"]}}],"collection":[{"href":"https:\/\/tritt-alpe.at\/en\/wp-json\/wp\/v2\/pages"}],"about":[{"href":"https:\/\/tritt-alpe.at\/en\/wp-json\/wp\/v2\/types\/page"}],"author":[{"embeddable":true,"href":"https:\/\/tritt-alpe.at\/en\/wp-json\/wp\/v2\/users\/1"}],"replies":[{"embeddable":true,"href":"https:\/\/tritt-alpe.at\/en\/wp-json\/wp\/v2\/comments?post=703"}],"version-history":[{"count":1,"href":"https:\/\/tritt-alpe.at\/en\/wp-json\/wp\/v2\/pages\/703\/revisions"}],"predecessor-version":[{"id":704,"href":"https:\/\/tritt-alpe.at\/en\/wp-json\/wp\/v2\/pages\/703\/revisions\/704"}],"wp:attachment":[{"href":"https:\/\/tritt-alpe.at\/en\/wp-json\/wp\/v2\/media?parent=703"}],"curies":[{"name":"wp","href":"https:\/\/api.w.org\/{rel}","templated":true}]}}